{"id":3425,"date":"2017-12-18T12:03:28","date_gmt":"2017-12-18T10:03:28","guid":{"rendered":"https:\/\/steirerfleisch.at\/tierwohl\/tierwohl-bei-steirerfleisch\/"},"modified":"2022-05-09T13:20:25","modified_gmt":"2022-05-09T11:20:25","slug":"tierwohl-bei-steirerfleisch","status":"publish","type":"page","link":"https:\/\/www.steirerfleisch.at\/hu\/tierwohl\/tierwohl-bei-steirerfleisch\/","title":{"rendered":"\u00c1llatv\u00e9delem a Steirerfleisch-n\u00e9l"},"content":{"rendered":"","protected":false},"excerpt":{"rendered":"","protected":false},"author":5,"featured_media":0,"parent":3424,"menu_order":61,"comment_status":"closed","ping_status":"closed","template":"","meta":[],"acf":[],"yoast_head":"<!-- This site is optimized with the Yoast SEO plugin v18.0 - https:\/\/yoast.com\/wordpress\/plugins\/seo\/ -->\n<meta name=\"robots\" content=\"index, follow, max-snippet:-1, max-image-preview:large, max-video-preview:-1\" \/>\n<link rel=\"canonical\" href=\"https:\/\/www.steirerfleisch.at\/hu\/tierwohl\/tierwohl-bei-steirerfleisch\/\" \/>\n<meta property=\"og:locale\" content=\"hu_HU\" \/>\n<meta property=\"og:type\" content=\"article\" \/>\n<meta property=\"og:title\" content=\"\u00c1llatv\u00e9delem a Steirerfleisch-n\u00e9l - Steirerfleisch GmbH\" \/>\n<meta property=\"og:url\" content=\"https:\/\/www.steirerfleisch.at\/hu\/tierwohl\/tierwohl-bei-steirerfleisch\/\" \/>\n<meta property=\"og:site_name\" content=\"Steirerfleisch GmbH\" \/>\n<meta property=\"article:modified_time\" content=\"2022-05-09T11:20:25+00:00\" \/>\n<meta name=\"twitter:card\" content=\"summary\" \/>\n<script type=\"application\/ld+json\" class=\"yoast-schema-graph\">{\"@context\":\"https:\/\/schema.org\",\"@graph\":[{\"@type\":\"WebSite\",\"@id\":\"https:\/\/www.steirerfleisch.at\/#website\",\"url\":\"https:\/\/www.steirerfleisch.at\/\",\"name\":\"Steirerfleisch GmbH\",\"description\":\"\",\"potentialAction\":[{\"@type\":\"SearchAction\",\"target\":{\"@type\":\"EntryPoint\",\"urlTemplate\":\"https:\/\/www.steirerfleisch.at\/?s={search_term_string}\"},\"query-input\":\"required name=search_term_string\"}],\"inLanguage\":\"hu-HU\"},{\"@type\":\"WebPage\",\"@id\":\"https:\/\/www.steirerfleisch.at\/hu\/tierwohl\/tierwohl-bei-steirerfleisch\/#webpage\",\"url\":\"https:\/\/www.steirerfleisch.at\/hu\/tierwohl\/tierwohl-bei-steirerfleisch\/\",\"name\":\"\u00c1llatv\u00e9delem a Steirerfleisch-n\u00e9l - Steirerfleisch GmbH\",\"isPartOf\":{\"@id\":\"https:\/\/www.steirerfleisch.at\/#website\"},\"datePublished\":\"2017-12-18T10:03:28+00:00\",\"dateModified\":\"2022-05-09T11:20:25+00:00\",\"breadcrumb\":{\"@id\":\"https:\/\/www.steirerfleisch.at\/hu\/tierwohl\/tierwohl-bei-steirerfleisch\/#breadcrumb\"},\"inLanguage\":\"hu-HU\",\"potentialAction\":[{\"@type\":\"ReadAction\",\"target\":[\"https:\/\/www.steirerfleisch.at\/hu\/tierwohl\/tierwohl-bei-steirerfleisch\/\"]}]},{\"@type\":\"BreadcrumbList\",\"@id\":\"https:\/\/www.steirerfleisch.at\/hu\/tierwohl\/tierwohl-bei-steirerfleisch\/#breadcrumb\",\"itemListElement\":[{\"@type\":\"ListItem\",\"position\":1,\"name\":\"Home\",\"item\":\"https:\/\/www.steirerfleisch.at\/hu\/\"},{\"@type\":\"ListItem\",\"position\":2,\"name\":\"\u00c1llatv\u00e9delem\",\"item\":\"https:\/\/www.steirerfleisch.at\/hu\/tierwohl\/\"},{\"@type\":\"ListItem\",\"position\":3,\"name\":\"\u00c1llatv\u00e9delem a Steirerfleisch-n\u00e9l\"}]}]}<\/script>\n<!-- \/ Yoast SEO plugin. -->","yoast_head_json":{"robots":{"index":"index","follow":"follow","max-snippet":"max-snippet:-1","max-image-preview":"max-image-preview:large","max-video-preview":"max-video-preview:-1"},"canonical":"https:\/\/www.steirerfleisch.at\/hu\/tierwohl\/tierwohl-bei-steirerfleisch\/","og_locale":"hu_HU","og_type":"article","og_title":"\u00c1llatv\u00e9delem a Steirerfleisch-n\u00e9l - Steirerfleisch GmbH","og_url":"https:\/\/www.steirerfleisch.at\/hu\/tierwohl\/tierwohl-bei-steirerfleisch\/","og_site_name":"Steirerfleisch GmbH","article_modified_time":"2022-05-09T11:20:25+00:00","twitter_card":"summary","schema":{"@context":"https:\/\/schema.org","@graph":[{"@type":"WebSite","@id":"https:\/\/www.steirerfleisch.at\/#website","url":"https:\/\/www.steirerfleisch.at\/","name":"Steirerfleisch GmbH","description":"","potentialAction":[{"@type":"SearchAction","target":{"@type":"EntryPoint","urlTemplate":"https:\/\/www.steirerfleisch.at\/?s={search_term_string}"},"query-input":"required name=search_term_string"}],"inLanguage":"hu-HU"},{"@type":"WebPage","@id":"https:\/\/www.steirerfleisch.at\/hu\/tierwohl\/tierwohl-bei-steirerfleisch\/#webpage","url":"https:\/\/www.steirerfleisch.at\/hu\/tierwohl\/tierwohl-bei-steirerfleisch\/","name":"\u00c1llatv\u00e9delem a Steirerfleisch-n\u00e9l - Steirerfleisch GmbH","isPartOf":{"@id":"https:\/\/www.steirerfleisch.at\/#website"},"datePublished":"2017-12-18T10:03:28+00:00","dateModified":"2022-05-09T11:20:25+00:00","breadcrumb":{"@id":"https:\/\/www.steirerfleisch.at\/hu\/tierwohl\/tierwohl-bei-steirerfleisch\/#breadcrumb"},"inLanguage":"hu-HU","potentialAction":[{"@type":"ReadAction","target":["https:\/\/www.steirerfleisch.at\/hu\/tierwohl\/tierwohl-bei-steirerfleisch\/"]}]},{"@type":"BreadcrumbList","@id":"https:\/\/www.steirerfleisch.at\/hu\/tierwohl\/tierwohl-bei-steirerfleisch\/#breadcrumb","itemListElement":[{"@type":"ListItem","position":1,"name":"Home","item":"https:\/\/www.steirerfleisch.at\/hu\/"},{"@type":"ListItem","position":2,"name":"\u00c1llatv\u00e9delem","item":"https:\/\/www.steirerfleisch.at\/hu\/tierwohl\/"},{"@type":"ListItem","position":3,"name":"\u00c1llatv\u00e9delem a Steirerfleisch-n\u00e9l"}]}]}},"_links":{"self":[{"href":"https:\/\/www.steirerfleisch.at\/hu\/wp-json\/wp\/v2\/pages\/3425"}],"collection":[{"href":"https:\/\/www.steirerfleisch.at\/hu\/wp-json\/wp\/v2\/pages"}],"about":[{"href":"https:\/\/www.steirerfleisch.at\/hu\/wp-json\/wp\/v2\/types\/page"}],"author":[{"embeddable":true,"href":"https:\/\/www.steirerfleisch.at\/hu\/wp-json\/wp\/v2\/users\/5"}],"replies":[{"embeddable":true,"href":"https:\/\/www.steirerfleisch.at\/hu\/wp-json\/wp\/v2\/comments?post=3425"}],"version-history":[{"count":2,"href":"https:\/\/www.steirerfleisch.at\/hu\/wp-json\/wp\/v2\/pages\/3425\/revisions"}],"predecessor-version":[{"id":3732,"href":"https:\/\/www.steirerfleisch.at\/hu\/wp-json\/wp\/v2\/pages\/3425\/revisions\/3732"}],"up":[{"embeddable":true,"href":"https:\/\/www.steirerfleisch.at\/hu\/wp-json\/wp\/v2\/pages\/3424"}],"wp:attachment":[{"href":"https:\/\/www.steirerfleisch.at\/hu\/wp-json\/wp\/v2\/media?parent=3425"}],"curies":[{"name":"wp","href":"https:\/\/api.w.org\/{rel}","templated":true}]}}