{"id":3404,"date":"2017-12-20T18:42:59","date_gmt":"2017-12-20T16:42:59","guid":{"rendered":"https:\/\/steirerfleisch.at\/kontakt-einkauf\/"},"modified":"2022-03-23T13:51:48","modified_gmt":"2022-03-23T11:51:48","slug":"kontakt-einkauf","status":"publish","type":"page","link":"https:\/\/www.steirerfleisch.at\/hu\/kontakt-einkauf\/","title":{"rendered":"V\u00e1s\u00e1rl\u00e1s \u2013 kapcsolat"},"content":{"rendered":"","protected":false},"excerpt":{"rendered":"","protected":false},"author":5,"featured_media":0,"parent":0,"menu_order":24,"comment_status":"closed","ping_status":"closed","template":"","meta":[],"acf":[],"yoast_head":"<!-- This site is optimized with the Yoast SEO plugin v18.0 - https:\/\/yoast.com\/wordpress\/plugins\/seo\/ -->\n<meta name=\"robots\" content=\"index, follow, max-snippet:-1, max-image-preview:large, max-video-preview:-1\" \/>\n<link rel=\"canonical\" href=\"https:\/\/www.steirerfleisch.at\/hu\/kontakt-einkauf\/\" \/>\n<meta property=\"og:locale\" content=\"hu_HU\" \/>\n<meta property=\"og:type\" content=\"article\" \/>\n<meta property=\"og:title\" content=\"V\u00e1s\u00e1rl\u00e1s \u2013 kapcsolat - Steirerfleisch GmbH\" \/>\n<meta property=\"og:url\" content=\"https:\/\/www.steirerfleisch.at\/hu\/kontakt-einkauf\/\" \/>\n<meta property=\"og:site_name\" content=\"Steirerfleisch GmbH\" \/>\n<meta property=\"article:modified_time\" content=\"2022-03-23T11:51:48+00:00\" \/>\n<meta name=\"twitter:card\" content=\"summary\" \/>\n<script type=\"application\/ld+json\" class=\"yoast-schema-graph\">{\"@context\":\"https:\/\/schema.org\",\"@graph\":[{\"@type\":\"WebSite\",\"@id\":\"https:\/\/www.steirerfleisch.at\/#website\",\"url\":\"https:\/\/www.steirerfleisch.at\/\",\"name\":\"Steirerfleisch GmbH\",\"description\":\"\",\"potentialAction\":[{\"@type\":\"SearchAction\",\"target\":{\"@type\":\"EntryPoint\",\"urlTemplate\":\"https:\/\/www.steirerfleisch.at\/?s={search_term_string}\"},\"query-input\":\"required name=search_term_string\"}],\"inLanguage\":\"hu-HU\"},{\"@type\":\"WebPage\",\"@id\":\"https:\/\/www.steirerfleisch.at\/hu\/kontakt-einkauf\/#webpage\",\"url\":\"https:\/\/www.steirerfleisch.at\/hu\/kontakt-einkauf\/\",\"name\":\"V\u00e1s\u00e1rl\u00e1s \u2013 kapcsolat - Steirerfleisch GmbH\",\"isPartOf\":{\"@id\":\"https:\/\/www.steirerfleisch.at\/#website\"},\"datePublished\":\"2017-12-20T16:42:59+00:00\",\"dateModified\":\"2022-03-23T11:51:48+00:00\",\"breadcrumb\":{\"@id\":\"https:\/\/www.steirerfleisch.at\/hu\/kontakt-einkauf\/#breadcrumb\"},\"inLanguage\":\"hu-HU\",\"potentialAction\":[{\"@type\":\"ReadAction\",\"target\":[\"https:\/\/www.steirerfleisch.at\/hu\/kontakt-einkauf\/\"]}]},{\"@type\":\"BreadcrumbList\",\"@id\":\"https:\/\/www.steirerfleisch.at\/hu\/kontakt-einkauf\/#breadcrumb\",\"itemListElement\":[{\"@type\":\"ListItem\",\"position\":1,\"name\":\"Home\",\"item\":\"https:\/\/www.steirerfleisch.at\/hu\/\"},{\"@type\":\"ListItem\",\"position\":2,\"name\":\"V\u00e1s\u00e1rl\u00e1s \u2013 kapcsolat\"}]}]}<\/script>\n<!-- \/ Yoast SEO plugin. -->","yoast_head_json":{"robots":{"index":"index","follow":"follow","max-snippet":"max-snippet:-1","max-image-preview":"max-image-preview:large","max-video-preview":"max-video-preview:-1"},"canonical":"https:\/\/www.steirerfleisch.at\/hu\/kontakt-einkauf\/","og_locale":"hu_HU","og_type":"article","og_title":"V\u00e1s\u00e1rl\u00e1s \u2013 kapcsolat - Steirerfleisch GmbH","og_url":"https:\/\/www.steirerfleisch.at\/hu\/kontakt-einkauf\/","og_site_name":"Steirerfleisch GmbH","article_modified_time":"2022-03-23T11:51:48+00:00","twitter_card":"summary","schema":{"@context":"https:\/\/schema.org","@graph":[{"@type":"WebSite","@id":"https:\/\/www.steirerfleisch.at\/#website","url":"https:\/\/www.steirerfleisch.at\/","name":"Steirerfleisch GmbH","description":"","potentialAction":[{"@type":"SearchAction","target":{"@type":"EntryPoint","urlTemplate":"https:\/\/www.steirerfleisch.at\/?s={search_term_string}"},"query-input":"required name=search_term_string"}],"inLanguage":"hu-HU"},{"@type":"WebPage","@id":"https:\/\/www.steirerfleisch.at\/hu\/kontakt-einkauf\/#webpage","url":"https:\/\/www.steirerfleisch.at\/hu\/kontakt-einkauf\/","name":"V\u00e1s\u00e1rl\u00e1s \u2013 kapcsolat - Steirerfleisch GmbH","isPartOf":{"@id":"https:\/\/www.steirerfleisch.at\/#website"},"datePublished":"2017-12-20T16:42:59+00:00","dateModified":"2022-03-23T11:51:48+00:00","breadcrumb":{"@id":"https:\/\/www.steirerfleisch.at\/hu\/kontakt-einkauf\/#breadcrumb"},"inLanguage":"hu-HU","potentialAction":[{"@type":"ReadAction","target":["https:\/\/www.steirerfleisch.at\/hu\/kontakt-einkauf\/"]}]},{"@type":"BreadcrumbList","@id":"https:\/\/www.steirerfleisch.at\/hu\/kontakt-einkauf\/#breadcrumb","itemListElement":[{"@type":"ListItem","position":1,"name":"Home","item":"https:\/\/www.steirerfleisch.at\/hu\/"},{"@type":"ListItem","position":2,"name":"V\u00e1s\u00e1rl\u00e1s \u2013 kapcsolat"}]}]}},"_links":{"self":[{"href":"https:\/\/www.steirerfleisch.at\/hu\/wp-json\/wp\/v2\/pages\/3404"}],"collection":[{"href":"https:\/\/www.steirerfleisch.at\/hu\/wp-json\/wp\/v2\/pages"}],"about":[{"href":"https:\/\/www.steirerfleisch.at\/hu\/wp-json\/wp\/v2\/types\/page"}],"author":[{"embeddable":true,"href":"https:\/\/www.steirerfleisch.at\/hu\/wp-json\/wp\/v2\/users\/5"}],"replies":[{"embeddable":true,"href":"https:\/\/www.steirerfleisch.at\/hu\/wp-json\/wp\/v2\/comments?post=3404"}],"version-history":[{"count":3,"href":"https:\/\/www.steirerfleisch.at\/hu\/wp-json\/wp\/v2\/pages\/3404\/revisions"}],"predecessor-version":[{"id":3648,"href":"https:\/\/www.steirerfleisch.at\/hu\/wp-json\/wp\/v2\/pages\/3404\/revisions\/3648"}],"wp:attachment":[{"href":"https:\/\/www.steirerfleisch.at\/hu\/wp-json\/wp\/v2\/media?parent=3404"}],"curies":[{"name":"wp","href":"https:\/\/api.w.org\/{rel}","templated":true}]}}